{"id":9521,"date":"2025-12-23T10:39:30","date_gmt":"2025-12-23T07:39:30","guid":{"rendered":"https:\/\/www.courageous.com.tr\/?page_id=9521"},"modified":"2025-12-23T10:41:01","modified_gmt":"2025-12-23T07:41:01","slug":"sikca-sorulan-sorular-sss","status":"publish","type":"page","link":"https:\/\/www.courageous.com.tr\/?page_id=9521","title":{"rendered":"SIK\u00c7A SORULAN SORULAR (SSS)"},"content":{"rendered":"<h1 data-start=\"3291\" data-end=\"3320\">SIK\u00c7A SORULAN SORULAR (SSS)<\/h1>\n<h2 data-start=\"3322\" data-end=\"3360\">Sipari\u015fim ne zaman kargoya verilir?<\/h2>\n<p data-start=\"3361\" data-end=\"3443\">Sipari\u015fleriniz, \u00f6deme onay\u0131ndan sonra en k\u0131sa s\u00fcrede haz\u0131rlanarak kargoya verilir.<\/p>\n<h2 data-start=\"3445\" data-end=\"3470\">Kargo s\u00fcresi ne kadar?<\/h2>\n<p data-start=\"3471\" data-end=\"3525\">Teslimatlar genellikle <strong data-start=\"3494\" data-end=\"3509\">1\u20135 i\u015f g\u00fcn\u00fc<\/strong> i\u00e7inde yap\u0131l\u0131r.<\/p>\n<h2 data-start=\"3527\" data-end=\"3553\">\u0130ade s\u00fcresi ka\u00e7 g\u00fcnd\u00fcr?<\/h2>\n<p data-start=\"3554\" data-end=\"3619\">\u00dcr\u00fcn\u00fc teslim ald\u0131ktan sonra <strong data-start=\"3582\" data-end=\"3592\">14 g\u00fcn<\/strong> i\u00e7inde iade edebilirsiniz.<\/p>\n<h2 data-start=\"3621\" data-end=\"3648\">De\u011fi\u015fim yapabilir miyim?<\/h2>\n<p data-start=\"3649\" data-end=\"3702\">Evet, stok durumuna ba\u011fl\u0131 olarak de\u011fi\u015fim yap\u0131labilir.<\/p>\n<h2 data-start=\"3704\" data-end=\"3733\">\u00d6deme y\u00f6ntemleri nelerdir?<\/h2>\n<p data-start=\"3734\" data-end=\"3800\">Sitemizde g\u00fcvenli \u00f6deme altyap\u0131lar\u0131 \u00fczerinden \u00f6deme yap\u0131lmaktad\u0131r.<\/p>\n<h2 data-start=\"3802\" data-end=\"3845\">Sipari\u015f durumumu nas\u0131l takip edebilirim?<\/h2>\n<p data-start=\"3846\" data-end=\"3932\">Hesab\u0131m b\u00f6l\u00fcm\u00fcnden veya bizimle ileti\u015fime ge\u00e7erek sipari\u015f durumunuzu \u00f6\u011frenebilirsiniz.<\/p>\n","protected":false},"excerpt":{"rendered":"<p>SIK\u00c7A SORULAN SORULAR (SSS) Sipari\u015fim ne zaman kargoya verilir? Sipari\u015fleriniz, \u00f6deme onay\u0131ndan sonra en k\u0131sa s\u00fcrede haz\u0131rlanarak kargoya verilir. Kargo<\/p>\n","protected":false},"author":1,"featured_media":0,"parent":0,"menu_order":0,"comment_status":"closed","ping_status":"closed","template":"","meta":{"footnotes":""},"class_list":["post-9521","page","type-page","status-publish","hentry"],"jetpack_sharing_enabled":true,"_links":{"self":[{"href":"https:\/\/www.courageous.com.tr\/index.php?rest_route=\/wp\/v2\/pages\/9521","targetHints":{"allow":["GET"]}}],"collection":[{"href":"https:\/\/www.courageous.com.tr\/index.php?rest_route=\/wp\/v2\/pages"}],"about":[{"href":"https:\/\/www.courageous.com.tr\/index.php?rest_route=\/wp\/v2\/types\/page"}],"author":[{"embeddable":true,"href":"https:\/\/www.courageous.com.tr\/index.php?rest_route=\/wp\/v2\/users\/1"}],"replies":[{"embeddable":true,"href":"https:\/\/www.courageous.com.tr\/index.php?rest_route=%2Fwp%2Fv2%2Fcomments&post=9521"}],"version-history":[{"count":3,"href":"https:\/\/www.courageous.com.tr\/index.php?rest_route=\/wp\/v2\/pages\/9521\/revisions"}],"predecessor-version":[{"id":9524,"href":"https:\/\/www.courageous.com.tr\/index.php?rest_route=\/wp\/v2\/pages\/9521\/revisions\/9524"}],"wp:attachment":[{"href":"https:\/\/www.courageous.com.tr\/index.php?rest_route=%2Fwp%2Fv2%2Fmedia&parent=9521"}],"curies":[{"name":"wp","href":"https:\/\/api.w.org\/{rel}","templated":true}]}}